{"id":38,"date":"2024-07-06T17:27:46","date_gmt":"2024-07-06T17:27:46","guid":{"rendered":"https:\/\/promo-theme.com\/travelite\/?page_id=38"},"modified":"2024-09-30T21:39:15","modified_gmt":"2024-09-30T21:39:15","slug":"contact","status":"publish","type":"page","link":"https:\/\/experienciasvenezuela.com\/en\/contact\/","title":{"rendered":"Contact"},"content":{"rendered":"<div data-elementor-type=\"wp-page\" data-elementor-id=\"38\" class=\"elementor elementor-38\" data-elementor-post-type=\"page\">\n\t\t\t\t<div class=\"elementor-element elementor-element-374436e e-flex e-con-boxed e-con e-parent\" data-id=\"374436e\" data-element_type=\"container\">\n\t\t\t\t\t<div class=\"e-con-inner\">\n\t\t\t\t<div class=\"elementor-element elementor-element-df8b404 elementor-widget elementor-widget-pt-heading\" data-id=\"df8b404\" data-element_type=\"widget\" data-widget_type=\"pt-heading.default\">\n\t\t\t\t<div class=\"elementor-widget-container\">\n\t\t\t\t\t\n\t\t<div class=\"pt-heading text-align-center\">\n\t\t\t\t\t\t\t<p class=\"pt-heading-subtitle\">\n\t\t\t\t\t<span>Cont\u00e1ctanos<\/span>\n\t\t\t\t<\/p>\n\t\t\t\n\t\t\t\t\t\t\t<h1 class=\"pt-heading-title h2\">\n\t\t\t\t\tEl mundo te espera, \u00bfest\u00e1s listo\/a?\t\t\t\t<\/h1>\n\t\t\t\t\t<\/div>\n\n\t\t\t\t\t\t<\/div>\n\t\t\t\t<\/div>\n\t\t\t\t<div class=\"elementor-element elementor-element-942866f elementor-widget-divider--view-line elementor-widget elementor-widget-divider\" data-id=\"942866f\" data-element_type=\"widget\" data-widget_type=\"divider.default\">\n\t\t\t\t<div class=\"elementor-widget-container\">\n\t\t\t\t\t\t\t<div class=\"elementor-divider\">\n\t\t\t<span class=\"elementor-divider-separator\">\n\t\t\t\t\t\t<\/span>\n\t\t<\/div>\n\t\t\t\t\t\t<\/div>\n\t\t\t\t<\/div>\n\t\t\t\t\t<\/div>\n\t\t\t\t<\/div>\n\t\t<div class=\"elementor-element elementor-element-9b4943a e-flex e-con-boxed e-con e-parent\" data-id=\"9b4943a\" data-element_type=\"container\">\n\t\t\t\t\t<div class=\"e-con-inner\">\n\t\t\t\t<div class=\"elementor-element elementor-element-0c418ef icon-box-align-items-center elementor-widget elementor-widget-pt-icon-box\" data-id=\"0c418ef\" data-element_type=\"widget\" data-settings=\"{&quot;cols&quot;:&quot;4&quot;,&quot;style&quot;:&quot;before-content&quot;,&quot;layout&quot;:&quot;grid&quot;,&quot;cols_tablet&quot;:2,&quot;cols_mobile&quot;:1,&quot;gap&quot;:30,&quot;arrows_position&quot;:&quot;default&quot;}\" data-widget_type=\"pt-icon-box.default\">\n\t\t\t\t<div class=\"elementor-widget-container\">\n\t\t\t\t\t\n\t\t<div class=\"pt-icon-boxes layout-grid style-before-content shape-circle   arrows-default arrows-align-\">\n\t\t\t\n\t\t\t\n\t\t\t\t\n\t\t\t\t\n\t\t\t\t<div class=\"pt-icon-box elementor-repeater-item-109cb20\">\n\n\t\t\t\t\t\n\t\t\t\t\t\t\n\t\t<div class=\"pt-icon-box-icon\">\n\t\t\t\n\t\t\t\t<i aria-hidden=\"true\" class=\"pticon pticon-phone\"><\/i>\n\t\t\t\t\t<\/div>\n\n\t\t\n\t\t\t\t\t\t<div class=\"content-wrapper\">\n\t\t\t\t\t\t\t\t\t\t\t\t\t\t\n\t\t<div class=\"pt-icon-box-title\">\n\t\t\t\n\t\t\tTel\u00e9fonos\n\t\t\t\t\t<\/div>\n\n\t\t\t\t\t\t\t\t\t\n\t\t<div class=\"pt-icon-box-text\">\n\t\t\t(219) 555-0114<br \/>\n(219) 772-1832\t\t<\/div>\n\n\t\t\t\t\t\t\t\t\t\t\t\t\t\t\t<\/div>\n\n\t\t\t\t\t\n\t\t\t\t\t\n\t\t\t\t\t\n\t\t\t\t<\/div>\n\n\t\t\t\t\n\t\t\t\n\t\t\t\t\n\t\t\t\t\n\t\t\t\t<div class=\"pt-icon-box elementor-repeater-item-3ce3e80\">\n\n\t\t\t\t\t\n\t\t\t\t\t\t\n\t\t<div class=\"pt-icon-box-icon\">\n\t\t\t\n\t\t\t\t<i aria-hidden=\"true\" class=\"pticon pticon-envelope\"><\/i>\n\t\t\t\t\t<\/div>\n\n\t\t\n\t\t\t\t\t\t<div class=\"content-wrapper\">\n\t\t\t\t\t\t\t\t\t\t\t\t\t\t\n\t\t<div class=\"pt-icon-box-title\">\n\t\t\t\n\t\t\tCorreo electr\u00f3nico \n\t\t\t\t\t<\/div>\n\n\t\t\t\t\t\t\t\t\t\n\t\t<div class=\"pt-icon-box-text\">\n\t\t\ttourtravel@example.com<br \/>\nsupp.tour@example.com\t\t<\/div>\n\n\t\t\t\t\t\t\t\t\t\t\t\t\t\t\t<\/div>\n\n\t\t\t\t\t\n\t\t\t\t\t\n\t\t\t\t\t\n\t\t\t\t<\/div>\n\n\t\t\t\t\n\t\t\t\n\t\t\t\t\n\t\t\t\t\n\t\t\t\t<div class=\"pt-icon-box elementor-repeater-item-ce982bc\">\n\n\t\t\t\t\t\n\t\t\t\t\t\t\n\t\t<div class=\"pt-icon-box-icon\">\n\t\t\t\n\t\t\t\t<i aria-hidden=\"true\" class=\"pticon pticon-home\"><\/i>\n\t\t\t\t\t<\/div>\n\n\t\t\n\t\t\t\t\t\t<div class=\"content-wrapper\">\n\t\t\t\t\t\t\t\t\t\t\t\t\t\t\n\t\t<div class=\"pt-icon-box-title\">\n\t\t\t\n\t\t\tDirecci\u00f3n \n\t\t\t\t\t<\/div>\n\n\t\t\t\t\t\t\t\t\t\n\t\t<div class=\"pt-icon-box-text\">\n\t\t\t6391 Elgin St. Celina, Delaware 10299\t\t<\/div>\n\n\t\t\t\t\t\t\t\t\t\t\t\t\t\t\t<\/div>\n\n\t\t\t\t\t\n\t\t\t\t\t\n\t\t\t\t\t\n\t\t\t\t<\/div>\n\n\t\t\t\t\n\t\t\t\n\t\t\t\t\n\t\t\t\t\n\t\t\t\t<div class=\"pt-icon-box elementor-repeater-item-209c41a\">\n\n\t\t\t\t\t\n\t\t\t\t\t\t\n\t\t<div class=\"pt-icon-box-icon\">\n\t\t\t\n\t\t\t\t<i aria-hidden=\"true\" class=\"pticon pticon-time\"><\/i>\n\t\t\t\t\t<\/div>\n\n\t\t\n\t\t\t\t\t\t<div class=\"content-wrapper\">\n\t\t\t\t\t\t\t\t\t\t\t\t\t\t\n\t\t<div class=\"pt-icon-box-title\">\n\t\t\t\n\t\t\tNuestros horarios\n\t\t\t\t\t<\/div>\n\n\t\t\t\t\t\t\t\t\t\n\t\t<div class=\"pt-icon-box-text\">\n\t\t\tMon-Fri 8AM-9PM<br \/>\nSat-Sun 8AM-9PM\t\t<\/div>\n\n\t\t\t\t\t\t\t\t\t\t\t\t\t\t\t<\/div>\n\n\t\t\t\t\t\n\t\t\t\t\t\n\t\t\t\t\t\n\t\t\t\t<\/div>\n\n\t\t\t\t\n\t\t\t\n\t\t\t\n\t\t\t\t\t<\/div>\n\n\t\t\n\t\t\t\t\t\t<\/div>\n\t\t\t\t<\/div>\n\t\t\t\t<div class=\"elementor-element elementor-element-14906e8 elementor-widget elementor-widget-google_maps\" data-id=\"14906e8\" data-element_type=\"widget\" data-widget_type=\"google_maps.default\">\n\t\t\t\t<div class=\"elementor-widget-container\">\n\t\t\t\t\t\t\t<div class=\"elementor-custom-embed\">\n\t\t\t<iframe loading=\"lazy\"\n\t\t\t\t\tsrc=\"https:\/\/maps.google.com\/maps?q=London%20Eye%2C%20London%2C%20United%20Kingdom&#038;t=m&#038;z=10&#038;output=embed&#038;iwloc=near\"\n\t\t\t\t\ttitle=\"London Eye, London, United Kingdom\"\n\t\t\t\t\taria-label=\"London Eye, London, United Kingdom\"\n\t\t\t><\/iframe>\n\t\t<\/div>\n\t\t\t\t\t\t<\/div>\n\t\t\t\t<\/div>\n\t\t\t\t\t<\/div>\n\t\t\t\t<\/div>\n\t\t<div class=\"elementor-element elementor-element-fcfa2f7 e-flex e-con-boxed e-con e-parent\" data-id=\"fcfa2f7\" data-element_type=\"container\">\n\t\t\t\t\t<div class=\"e-con-inner\">\n\t\t<div class=\"elementor-element elementor-element-039a7ef e-con-full e-flex elementor-invisible e-con e-child\" data-id=\"039a7ef\" data-element_type=\"container\" data-settings=\"{&quot;animation&quot;:&quot;fadeInLeft&quot;}\">\n\t\t\t\t<div class=\"elementor-element elementor-element-3090539 elementor-widget elementor-widget-text-editor\" data-id=\"3090539\" data-element_type=\"widget\" data-widget_type=\"text-editor.default\">\n\t\t\t\t<div class=\"elementor-widget-container\">\n\t\t\t\t\t\t\t\t\tDescubre una selecci\u00f3n de <span style=\"color: #e97c1d;\">experiencias y sabores inolvidables<\/span>, dise\u00f1ados para deleitarte o para sorprender a alguien\u00a0especial.\t\t\t\t\t\t\t\t<\/div>\n\t\t\t\t<\/div>\n\t\t\t\t<\/div>\n\t\t<div class=\"elementor-element elementor-element-3c26be1 e-con-full e-flex elementor-invisible e-con e-child\" data-id=\"3c26be1\" data-element_type=\"container\" data-settings=\"{&quot;animation&quot;:&quot;fadeInRight&quot;,&quot;animation_delay&quot;:300}\">\n\t\t\t\t<div class=\"elementor-element elementor-element-133bbe3 elementor-widget__width-initial elementor-widget elementor-widget-image\" data-id=\"133bbe3\" data-element_type=\"widget\" data-widget_type=\"image.default\">\n\t\t\t\t<div class=\"elementor-widget-container\">\n\t\t\t\t\t\t\t\t\t\t\t\t\t\t\t<img fetchpriority=\"high\" decoding=\"async\" width=\"436\" height=\"180\" src=\"https:\/\/experienciasvenezuela.com\/wp-content\/uploads\/2024\/09\/travelite-02-1.png\" class=\"attachment-full size-full wp-image-1286\" alt=\"\" srcset=\"https:\/\/experienciasvenezuela.com\/wp-content\/uploads\/2024\/09\/travelite-02-1.png 436w, https:\/\/experienciasvenezuela.com\/wp-content\/uploads\/2024\/09\/travelite-02-1-300x124.png 300w\" sizes=\"(max-width: 436px) 100vw, 436px\" \/>\t\t\t\t\t\t\t\t\t\t\t\t\t\t\t<\/div>\n\t\t\t\t<\/div>\n\t\t<div class=\"elementor-element elementor-element-f27fd5b e-con-full e-flex e-con e-child\" data-id=\"f27fd5b\" data-element_type=\"container\">\n\t\t\t\t<div class=\"elementor-element elementor-element-c02120b elementor-widget elementor-widget-text-editor\" data-id=\"c02120b\" data-element_type=\"widget\" data-widget_type=\"text-editor.default\">\n\t\t\t\t<div class=\"elementor-widget-container\">\n\t\t\t\t\t\t\t\t\t<p><a href=\"#\">\u00a1Elije tu experiencia!<\/a><\/p>\t\t\t\t\t\t\t\t<\/div>\n\t\t\t\t<\/div>\n\t\t\t\t<\/div>\n\t\t\t\t<\/div>\n\t\t\t\t\t<\/div>\n\t\t\t\t<\/div>\n\t\t<div class=\"elementor-element elementor-element-fd2b2c1 elementor-hidden-desktop elementor-hidden-tablet elementor-hidden-mobile e-flex e-con-boxed e-con e-parent\" data-id=\"fd2b2c1\" data-element_type=\"container\">\n\t\t\t\t\t<div class=\"e-con-inner\">\n\t\t<div class=\"elementor-element elementor-element-8ffa9a6 e-con-full e-flex e-con e-child\" data-id=\"8ffa9a6\" data-element_type=\"container\">\n\t\t\t\t<div class=\"elementor-element elementor-element-2f5304b elementor-widget elementor-widget-image\" data-id=\"2f5304b\" data-element_type=\"widget\" data-widget_type=\"image.default\">\n\t\t\t\t<div class=\"elementor-widget-container\">\n\t\t\t\t\t\t\t\t\t\t\t\t\t\t\t<img decoding=\"async\" width=\"1346\" height=\"998\" src=\"https:\/\/experienciasvenezuela.com\/wp-content\/uploads\/2024\/07\/travelite-08.webp\" class=\"attachment-full size-full wp-image-289\" alt=\"\" srcset=\"https:\/\/experienciasvenezuela.com\/wp-content\/uploads\/2024\/07\/travelite-08.webp 1346w, https:\/\/experienciasvenezuela.com\/wp-content\/uploads\/2024\/07\/travelite-08-1080x801.webp 1080w, https:\/\/experienciasvenezuela.com\/wp-content\/uploads\/2024\/07\/travelite-08-300x222.webp 300w, https:\/\/experienciasvenezuela.com\/wp-content\/uploads\/2024\/07\/travelite-08-1024x759.webp 1024w, https:\/\/experienciasvenezuela.com\/wp-content\/uploads\/2024\/07\/travelite-08-768x569.webp 768w\" sizes=\"(max-width: 1346px) 100vw, 1346px\" \/>\t\t\t\t\t\t\t\t\t\t\t\t\t\t\t<\/div>\n\t\t\t\t<\/div>\n\t\t\t\t<\/div>\n\t\t<div class=\"elementor-element elementor-element-1d0c1f7 e-con-full e-flex e-con e-child\" data-id=\"1d0c1f7\" data-element_type=\"container\">\n\t\t\t\t<div class=\"elementor-element elementor-element-9e47215 elementor-widget elementor-widget-pt-heading\" data-id=\"9e47215\" data-element_type=\"widget\" data-widget_type=\"pt-heading.default\">\n\t\t\t\t<div class=\"elementor-widget-container\">\n\t\t\t\t\t\n\t\t<div class=\"pt-heading\">\n\t\t\t\t\t\t\t<p class=\"pt-heading-subtitle\">\n\t\t\t\t\t<span>P\u00f3ngase en contacto con nosotros<\/span>\n\t\t\t\t<\/p>\n\t\t\t\n\t\t\t\t\t\t\t<h2 class=\"pt-heading-title h2\">\n\t\t\t\t\texplora el mundo, <br \/>\nExpande tu mente\t\t\t\t<\/h2>\n\t\t\t\t\t<\/div>\n\n\t\t\t\t\t\t<\/div>\n\t\t\t\t<\/div>\n\t\t\t\t<div class=\"elementor-element elementor-element-72f5321 elementor-widget elementor-widget-pt-contact-form-7\" data-id=\"72f5321\" data-element_type=\"widget\" data-widget_type=\"pt-contact-form-7.default\">\n\t\t\t\t<div class=\"elementor-widget-container\">\n\t\t\t\t\t\n\t\t\t<div class=\"pt-contact-form-7\">\n\t\t\t\t\n<div class=\"wpcf7 no-js\" id=\"wpcf7-f6-o1\" lang=\"en-US\" dir=\"ltr\" data-wpcf7-id=\"6\">\n<div class=\"screen-reader-response\"><p role=\"status\" aria-live=\"polite\" aria-atomic=\"true\"><\/p> <ul><\/ul><\/div>\n<form action=\"\/en\/wp-json\/wp\/v2\/pages\/38#wpcf7-f6-o1\" method=\"post\" class=\"wpcf7-form init\" aria-label=\"Contact form\" novalidate=\"novalidate\" data-status=\"init\" data-trp-original-action=\"\/en\/wp-json\/wp\/v2\/pages\/38#wpcf7-f6-o1\">\n<div style=\"display: none;\">\n<input type=\"hidden\" name=\"_wpcf7\" value=\"6\" \/>\n<input type=\"hidden\" name=\"_wpcf7_version\" value=\"6.0.6\" \/>\n<input type=\"hidden\" name=\"_wpcf7_locale\" value=\"en_US\" \/>\n<input type=\"hidden\" name=\"_wpcf7_unit_tag\" value=\"wpcf7-f6-o1\" \/>\n<input type=\"hidden\" name=\"_wpcf7_container_post\" value=\"0\" \/>\n<input type=\"hidden\" name=\"_wpcf7_posted_data_hash\" value=\"\" \/>\n<\/div>\n<div class=\"row\">\n\t<div class=\"col-12 col-md-6 mb-4\">\n\t\t<p><label>Your Name<\/label><br \/>\n<span class=\"wpcf7-form-control-wrap\" data-name=\"your-name\"><input size=\"40\" maxlength=\"400\" class=\"wpcf7-form-control wpcf7-text wpcf7-validates-as-required\" aria-required=\"true\" aria-invalid=\"false\" value=\"\" type=\"text\" name=\"your-name\" \/><\/span>\n\t\t<\/p>\n\t<\/div>\n\t<div class=\"col-12 col-md-6 mb-4\">\n\t\t<p><label>E-mail address<\/label><br \/>\n<span class=\"wpcf7-form-control-wrap\" data-name=\"your-email\"><input size=\"40\" maxlength=\"400\" class=\"wpcf7-form-control wpcf7-email wpcf7-text wpcf7-validates-as-email\" aria-invalid=\"false\" value=\"\" type=\"email\" name=\"your-email\" \/><\/span>\n\t\t<\/p>\n\t<\/div>\n\t<div class=\"col-12 mb-4\">\n\t\t<p><label>Your Message<\/label><br \/>\n<span class=\"wpcf7-form-control-wrap\" data-name=\"your-message\"><textarea cols=\"40\" rows=\"3\" maxlength=\"2000\" class=\"wpcf7-form-control wpcf7-textarea\" aria-invalid=\"false\" name=\"your-message\"><\/textarea><\/span>\n\t\t<\/p>\n\t<\/div>\n\t<div class=\"col-12\">\n\t\t<p><input class=\"wpcf7-form-control wpcf7-submit has-spinner\" type=\"submit\" value=\"Submit\" \/>\n\t\t<\/p>\n\t<\/div>\n<\/div><div class=\"wpcf7-response-output\" aria-hidden=\"true\"><\/div>\n<input type=\"hidden\" name=\"trp-form-language\" value=\"en\"\/><\/form>\n<\/div>\n\t\t\t<\/div>\n\n\t\t\t\t\t\t<\/div>\n\t\t\t\t<\/div>\n\t\t\t\t<\/div>\n\t\t\t\t\t<\/div>\n\t\t\t\t<\/div>\n\t\t<div class=\"elementor-element elementor-element-10e8e33 elementor-hidden-desktop elementor-hidden-tablet elementor-hidden-mobile e-flex e-con-boxed e-con e-parent\" data-id=\"10e8e33\" data-element_type=\"container\">\n\t\t\t\t\t<div class=\"e-con-inner\">\n\t\t<div class=\"elementor-element elementor-element-1eb0a1e e-con-full e-flex e-con e-child\" data-id=\"1eb0a1e\" data-element_type=\"container\">\n\t\t<div class=\"elementor-element elementor-element-ed604fc e-con-full e-flex e-con e-child\" data-id=\"ed604fc\" data-element_type=\"container\" data-settings=\"{&quot;background_background&quot;:&quot;classic&quot;}\">\n\t\t\t\t<div class=\"elementor-element elementor-element-8634c8e elementor-widget elementor-widget-pt-heading\" data-id=\"8634c8e\" data-element_type=\"widget\" data-widget_type=\"pt-heading.default\">\n\t\t\t\t<div class=\"elementor-widget-container\">\n\t\t\t\t\t\n\t\t<div class=\"pt-heading text-align-center\">\n\t\t\t\t\t\t\t<p class=\"pt-heading-subtitle\">\n\t\t\t\t\t<span>Promo<\/span>\n\t\t\t\t<\/p>\n\t\t\t\n\t\t\t\t\t\t\t<h3 class=\"pt-heading-title h3\">\n\t\t\t\t\tEnjoy Summer Deals: 40% OFF!\t\t\t\t<\/h3>\n\t\t\t\t\t<\/div>\n\n\t\t\t\t\t\t<\/div>\n\t\t\t\t<\/div>\n\t\t\t\t<div class=\"elementor-element elementor-element-ecd9570 elementor-widget elementor-widget-text-editor\" data-id=\"ecd9570\" data-element_type=\"widget\" data-widget_type=\"text-editor.default\">\n\t\t\t\t<div class=\"elementor-widget-container\">\n\t\t\t\t\t\t\t\t\t<p>Our travel agency is dedicated to crafting unforgettable experiences that will leave you with lifelong memories.<\/p>\t\t\t\t\t\t\t\t<\/div>\n\t\t\t\t<\/div>\n\t\t\t\t<div class=\"elementor-element elementor-element-311590b elementor-widget elementor-widget-pt-button\" data-id=\"311590b\" data-element_type=\"widget\" data-widget_type=\"pt-button.default\">\n\t\t\t\t<div class=\"elementor-widget-container\">\n\t\t\t\t\t\n\t\t<a class=\"pt-button filled\" href=\"#\">\n\t\t\t<span>get a Free consultation<\/span>\n\t\t\t\t\t<\/a>\n\n\t\t\t\t\t\t<\/div>\n\t\t\t\t<\/div>\n\t\t\t\t<div class=\"elementor-element elementor-element-fb5b504 elementor-position-left elementor-absolute elementor-mobile-position-left elementor-view-default elementor-widget elementor-widget-icon-box\" data-id=\"fb5b504\" data-element_type=\"widget\" data-settings=\"{&quot;_position&quot;:&quot;absolute&quot;}\" data-widget_type=\"icon-box.default\">\n\t\t\t\t<div class=\"elementor-widget-container\">\n\t\t\t\t\t\t\t<div class=\"elementor-icon-box-wrapper\">\n\n\t\t\t\t\t\t<div class=\"elementor-icon-box-icon\">\n\t\t\t\t<span  class=\"elementor-icon\">\n\t\t\t\t<i aria-hidden=\"true\" class=\"pticon pticon-bolt\"><\/i>\t\t\t\t<\/span>\n\t\t\t<\/div>\n\t\t\t\n\t\t\t\t\t\t<div class=\"elementor-icon-box-content\">\n\n\t\t\t\t\t\t\t\t\t<div class=\"elementor-icon-box-title\">\n\t\t\t\t\t\t<span  >\n\t\t\t\t\t\t\tSummer 2024\t\t\t\t\t\t<\/span>\n\t\t\t\t\t<\/div>\n\t\t\t\t\n\t\t\t\t\n\t\t\t<\/div>\n\t\t\t\n\t\t<\/div>\n\t\t\t\t\t\t<\/div>\n\t\t\t\t<\/div>\n\t\t\t\t<\/div>\n\t\t<div class=\"elementor-element elementor-element-d4cf343 e-con-full e-flex e-con e-child\" data-id=\"d4cf343\" data-element_type=\"container\" data-settings=\"{&quot;background_background&quot;:&quot;classic&quot;}\">\n\t\t\t\t<\/div>\n\t\t\t\t<\/div>\n\t\t\t\t\t<\/div>\n\t\t\t\t<\/div>\n\t\t\t\t<\/div>","protected":false},"excerpt":{"rendered":"<p>Cont\u00e1ctanos El mundo te espera, \u00bfest\u00e1s listo\/a? Tel\u00e9fonos (219) 555-0114 (219) 772-1832 Correo electr\u00f3nico tourtravel@example.com supp.tour@example.com Direcci\u00f3n 6391 Elgin St. Celina, Delaware 10299 Nuestros&#8230;<\/p>","protected":false},"author":2,"featured_media":0,"parent":0,"menu_order":0,"comment_status":"closed","ping_status":"closed","template":"","meta":{"_acf_changed":false,"_joinchat":[],"footnotes":""},"class_list":["post-38","page","type-page","status-publish","hentry"],"acf":[],"ams_acf":[{"key":"header","label":"Header Type","value":"default"},{"key":"header_space","label":"Header Spacing","value":"true"},{"key":"header_sticky","label":"Sticky Header","value":"false"},{"key":"header_color_scroll","label":"Header background color on scroll","value":""},{"key":"footer","label":"Footer Type","value":"default"}],"_links":{"self":[{"href":"https:\/\/experienciasvenezuela.com\/en\/wp-json\/wp\/v2\/pages\/38","targetHints":{"allow":["GET"]}}],"collection":[{"href":"https:\/\/experienciasvenezuela.com\/en\/wp-json\/wp\/v2\/pages"}],"about":[{"href":"https:\/\/experienciasvenezuela.com\/en\/wp-json\/wp\/v2\/types\/page"}],"author":[{"embeddable":true,"href":"https:\/\/experienciasvenezuela.com\/en\/wp-json\/wp\/v2\/users\/2"}],"replies":[{"embeddable":true,"href":"https:\/\/experienciasvenezuela.com\/en\/wp-json\/wp\/v2\/comments?post=38"}],"version-history":[{"count":0,"href":"https:\/\/experienciasvenezuela.com\/en\/wp-json\/wp\/v2\/pages\/38\/revisions"}],"wp:attachment":[{"href":"https:\/\/experienciasvenezuela.com\/en\/wp-json\/wp\/v2\/media?parent=38"}],"curies":[{"name":"wp","href":"https:\/\/api.w.org\/{rel}","templated":true}]}}