{"id":1348,"date":"2024-10-06T15:18:14","date_gmt":"2024-10-06T15:18:14","guid":{"rendered":"https:\/\/experienciasvenezuela.com\/?post_type=product&#038;p=1348"},"modified":"2025-05-05T22:15:52","modified_gmt":"2025-05-05T22:15:52","slug":"cata-de-vinos-copia","status":"publish","type":"product","link":"https:\/\/experienciasvenezuela.com\/en\/product\/cata-de-vinos-copia\/","title":{"rendered":"Cata de vino N\u00b05"},"content":{"rendered":"<p>Qu\u00e9 es una cata de vino<\/p>\n<p>La cata de vinos es un proceso anal\u00edtico que nos permite evaluar y entender un vino a trav\u00e9s de nuestros sentidos. Sirve para identificar las caracter\u00edsticas de un vino, desde su procedencia hasta su calidad. A trav\u00e9s de este proceso, podemos reconocer las variedades de uva, los m\u00e9todos de vinificaci\u00f3n y las influencias clim\u00e1ticas y geogr\u00e1ficas que han contribuido a la creaci\u00f3n de un vino.<br \/>\nEsta actividad no solo es importante para los profesionales del vino, como sommeliers y en\u00f3logos, sino tambi\u00e9n para cualquier amante del vino. Nos permite apreciar y disfrutar a\u00fan m\u00e1s de cada sorbo, al entender las complejidades y matices que cada vino tiene para ofrecer.<\/p>\n<p>C\u00f3mo hacer correctamente una cata de vino<br \/>\nEl objetivo de la cata de vinos es evaluar tres aspectos principales del vino: su apariencia, su aroma y su sabor. A trav\u00e9s de estos tres elementos, podemos obtener una imagen completa del vino y entender su calidad, origen, variedad de uva y m\u00e9todo de\u00a0vinificaci\u00f3n.<\/p>","protected":false},"excerpt":{"rendered":"<p>Incluye:<\/p>\n<p>5 variedades de vino<br \/>\nPlato de Frutas<br \/>\nTabla de quesos<br \/>\n1 Empanada Argentina<br \/>\nMaterial fotogr\u00e1fico<\/p>","protected":false},"featured_media":1351,"comment_status":"open","ping_status":"closed","template":"","meta":{"_acf_changed":false,"_joinchat":[]},"product_brand":[],"product_cat":[92],"product_tag":[],"class_list":{"0":"post-1348","1":"product","2":"type-product","3":"status-publish","4":"has-post-thumbnail","6":"product_cat-vinos","8":"first","9":"instock","10":"shipping-taxable","11":"purchasable","12":"product-type-simple"},"ams_default_variation_id":0,"ams_product_points_reward":[],"ams_product_discount_percentage":0,"ams_price_to_display":100,"price":null,"stock":null,"image":null,"acf":[],"ams_acf":[],"_links":{"self":[{"href":"https:\/\/experienciasvenezuela.com\/en\/wp-json\/wp\/v2\/product\/1348","targetHints":{"allow":["GET"]}}],"collection":[{"href":"https:\/\/experienciasvenezuela.com\/en\/wp-json\/wp\/v2\/product"}],"about":[{"href":"https:\/\/experienciasvenezuela.com\/en\/wp-json\/wp\/v2\/types\/product"}],"replies":[{"embeddable":true,"href":"https:\/\/experienciasvenezuela.com\/en\/wp-json\/wp\/v2\/comments?post=1348"}],"wp:featuredmedia":[{"embeddable":true,"href":"https:\/\/experienciasvenezuela.com\/en\/wp-json\/wp\/v2\/media\/1351"}],"wp:attachment":[{"href":"https:\/\/experienciasvenezuela.com\/en\/wp-json\/wp\/v2\/media?parent=1348"}],"wp:term":[{"taxonomy":"product_brand","embeddable":true,"href":"https:\/\/experienciasvenezuela.com\/en\/wp-json\/wp\/v2\/product_brand?post=1348"},{"taxonomy":"product_cat","embeddable":true,"href":"https:\/\/experienciasvenezuela.com\/en\/wp-json\/wp\/v2\/product_cat?post=1348"},{"taxonomy":"product_tag","embeddable":true,"href":"https:\/\/experienciasvenezuela.com\/en\/wp-json\/wp\/v2\/product_tag?post=1348"}],"curies":[{"name":"wp","href":"https:\/\/api.w.org\/{rel}","templated":true}]}}